{"id":9081,"date":"2022-12-02T21:44:51","date_gmt":"2022-12-02T21:44:51","guid":{"rendered":"https:\/\/www.letstalkcoffee.org\/preguntas-frequentes\/"},"modified":"2025-04-16T17:51:44","modified_gmt":"2025-04-16T17:51:44","slug":"preguntas-frequentes","status":"publish","type":"page","link":"https:\/\/www.letstalkcoffee.org\/es\/preguntas-frequentes\/","title":{"rendered":"Preguntas Frecuentes"},"content":{"rendered":"<p>[et_pb_section fb_built=\u00bb1&#8243; admin_label=\u00bbSection\u00bb module_id=\u00bbhome\u00bb _builder_version=\u00bb4.9.0&#8243; _module_preset=\u00bbdefault\u00bb background_color=\u00bb#2a9337&#8243; background_enable_image=\u00bboff\u00bb background_position=\u00bbcenter_right\u00bb custom_margin=\u00bb0px||||false|false\u00bb custom_margin_tablet=\u00bb\u00bb custom_margin_phone=\u00bb\u00bb custom_margin_last_edited=\u00bbon|phone\u00bb custom_padding=\u00bb1px||0px||false|false\u00bb background_last_edited=\u00bbon|tablet\u00bb background_enable_image_tablet=\u00bboff\u00bb background_size_phone=\u00bbcover\u00bb background_position_tablet=\u00bbcenter_left\u00bb background_position_phone=\u00bbcenter\u00bb da_popup_slug=\u00bbhome\u00bb da_disable_devices=\u00bboff|off|off\u00bb da_is_popup=\u00bboff\u00bb da_exit_intent=\u00bboff\u00bb da_has_close=\u00bbon\u00bb da_alt_close=\u00bboff\u00bb da_dark_close=\u00bboff\u00bb da_not_modal=\u00bbon\u00bb da_is_singular=\u00bboff\u00bb da_with_loader=\u00bboff\u00bb da_has_shadow=\u00bbon\u00bb][\/et_pb_section][et_pb_section fb_built=\u00bb1&#8243; custom_padding_last_edited=\u00bbon|tablet\u00bb admin_label=\u00bbSection\u00bb module_id=\u00bbattendees-say\u00bb _builder_version=\u00bb4.9.0&#8243; _module_preset=\u00bbdefault\u00bb custom_padding=\u00bb97px||||false|false\u00bb custom_padding_tablet=\u00bb0px||||false|false\u00bb custom_padding_phone=\u00bb\u00bb da_popup_slug=\u00bbattendees-say\u00bb da_disable_devices=\u00bboff|off|off\u00bb da_is_popup=\u00bboff\u00bb da_exit_intent=\u00bboff\u00bb da_has_close=\u00bbon\u00bb da_alt_close=\u00bboff\u00bb da_dark_close=\u00bboff\u00bb da_not_modal=\u00bbon\u00bb da_is_singular=\u00bboff\u00bb da_with_loader=\u00bboff\u00bb da_has_shadow=\u00bbon\u00bb][et_pb_row _builder_version=\u00bb4.9.0&#8243; _module_preset=\u00bbdefault\u00bb max_width=\u00bb1920px\u00bb custom_padding=\u00bb110px||||false|false\u00bb][et_pb_column type=\u00bb4_4&#8243; _builder_version=\u00bb4.9.0&#8243; _module_preset=\u00bbdefault\u00bb][et_pb_text _builder_version=\u00bb4.9.0&#8243; _module_preset=\u00bbdefault\u00bb text_font=\u00bbMerriweather|700|||||||\u00bb text_text_color=\u00bb#04455b\u00bb text_font_size=\u00bb46px\u00bb header_text_color=\u00bb#04455b\u00bb header_font_size=\u00bb60px\u00bb header_2_font=\u00bb|700|||||||\u00bb header_2_text_color=\u00bb#04455b\u00bb header_2_font_size=\u00bb40px\u00bb header_2_line_height=\u00bb1.3em\u00bb text_orientation=\u00bbcenter\u00bb custom_margin=\u00bb50px|1px|||false|false\u00bb custom_padding=\u00bb||||false|false\u00bb animation_style=\u00bbslide\u00bb animation_direction=\u00bbbottom\u00bb animation_duration=\u00bb900ms\u00bb animation_delay=\u00bb800ms\u00bb animation_intensity_slide=\u00bb17%\u00bb]<\/p>\n<h1><strong>Preguntas Frecuentes<\/strong><\/h1>\n<p>[\/et_pb_text][et_pb_divider color=\u00bb#228d38&#8243; divider_weight=\u00bb3px\u00bb _builder_version=\u00bb4.9.0&#8243; _module_preset=\u00bbdefault\u00bb width=\u00bb20%\u00bb module_alignment=\u00bbcenter\u00bb custom_margin=\u00bb|||18px||\u00bb animation_style=\u00bbslide\u00bb animation_direction=\u00bbbottom\u00bb animation_duration=\u00bb900ms\u00bb animation_delay=\u00bb800ms\u00bb animation_intensity_slide=\u00bb17%\u00bb][\/et_pb_divider][et_pb_text _builder_version=\u00bb4.9.0&#8243; _module_preset=\u00bbdefault\u00bb text_text_color=\u00bb#04455b\u00bb text_font_size=\u00bb23px\u00bb text_line_height=\u00bb1.8em\u00bb text_orientation=\u00bbcenter\u00bb width=\u00bb90%\u00bb max_width=\u00bb1149px\u00bb module_alignment=\u00bbcenter\u00bb animation_style=\u00bbfade\u00bb animation_delay=\u00bb700ms\u00bb]<\/p>\n<p>Gracias por asistir a Hablemos de Caf\u00e9 2025; \u00a1no podemos esperar a verte en Lima, Per\u00fa, en septiembre!<br \/> Abajo encontrar\u00e1s algunos detalles esenciales sobre las fechas, cuestiones log\u00edsticas, \u00a1y qu\u00e9 esperar del evento!<\/p>\n<p>[\/et_pb_text][\/et_pb_column][\/et_pb_row][et_pb_row _builder_version=\u00bb4.9.0&#8243; _module_preset=\u00bbdefault\u00bb][et_pb_column type=\u00bb4_4&#8243; _builder_version=\u00bb4.9.0&#8243; _module_preset=\u00bbdefault\u00bb][et_pb_text _builder_version=\u00bb4.9.0&#8243; _module_preset=\u00bbdefault\u00bb text_font=\u00bbMerriweather|700|||||||\u00bb text_text_color=\u00bb#FFFFFF\u00bb text_font_size=\u00bb46px\u00bb header_text_color=\u00bb#FFFFFF\u00bb header_2_font=\u00bb|700|||||||\u00bb header_2_text_color=\u00bb#FFFFFF\u00bb header_2_font_size=\u00bb40px\u00bb header_2_line_height=\u00bb1.3em\u00bb background_color=\u00bb#f0a181&#8243; text_orientation=\u00bbcenter\u00bb width=\u00bb100%\u00bb max_width=\u00bb100%\u00bb custom_margin=\u00bb50px|1px|0px||false|false\u00bb custom_padding=\u00bb20px||10px||false|false\u00bb animation_style=\u00bbslide\u00bb animation_direction=\u00bbbottom\u00bb animation_duration=\u00bb900ms\u00bb animation_delay=\u00bb800ms\u00bb animation_intensity_slide=\u00bb17%\u00bb]<\/p>\n<h2><span style=\"font-weight: 400;\">Llegadas<\/span><\/h2>\n<p>[\/et_pb_text][et_pb_accordion open_toggle_text_color=\u00bb#000000&#8243; open_toggle_background_color=\u00bb#fff6f2&#8243; closed_toggle_text_color=\u00bb#515151&#8243; closed_toggle_background_color=\u00bb#fff6f2&#8243; _builder_version=\u00bb4.9.0&#8243; _module_preset=\u00bbdefault\u00bb toggle_font=\u00bb|700|||||||\u00bb toggle_font_size=\u00bb18px\u00bb closed_toggle_font=\u00bb|700|||||||\u00bb closed_toggle_font_size=\u00bb18px\u00bb body_font_size=\u00bb16px\u00bb text_orientation=\u00bbleft\u00bb max_width=\u00bb1080px\u00bb custom_margin=\u00bb|-2px|||false|false\u00bb animation_style=\u00bbslide\u00bb animation_direction=\u00bbbottom\u00bb animation_duration=\u00bb900ms\u00bb animation_delay=\u00bb900ms\u00bb animation_intensity_slide=\u00bb17%\u00bb hover_enabled=\u00bb0&#8243; sticky_enabled=\u00bb0&#8243;][et_pb_accordion_item title=\u00bb\u00bfCu\u00e1les son las fechas del evento?\u00bb open=\u00bbon\u00bb _builder_version=\u00bb4.9.0&#8243; _module_preset=\u00bbdefault\u00bb custom_margin=\u00bb||5px||false|false\u00bb hover_enabled=\u00bb0&#8243; border_width_all=\u00bb0px\u00bb border_style_all=\u00bbnone\u00bb sticky_enabled=\u00bb0&#8243;]<\/p>\n<p>Septiembre 25-27, 2025<\/p>\n<p>[\/et_pb_accordion_item][et_pb_accordion_item title=\u00bb\u00bfA qu\u00e9 aeropuerto debo llegar y cu\u00e1ndo?\u00bb _builder_version=\u00bb4.9.0&#8243; _module_preset=\u00bbdefault\u00bb custom_margin=\u00bb||5px||false|false\u00bb border_width_all=\u00bb0px\u00bb border_style_all=\u00bbnone\u00bb open=\u00bboff\u00bb]<\/p>\n<p style=\"text-align: left;\">Debes volar al Aeropurto internacional LAP Jorge Ch\u00e1vez\u00a0<\/p>\n<p style=\"text-align: left;\">La llegada debe ser el mi\u00e9rcoles 24 de septiembre, 2025<\/p>\n<p>[\/et_pb_accordion_item][et_pb_accordion_item title=\u00bb\u00bfC\u00f3mo llego a mi hotel?\u00bb _builder_version=\u00bb4.9.0&#8243; _module_preset=\u00bbdefault\u00bb custom_margin=\u00bb||5px||false|false\u00bb border_width_all=\u00bb0px\u00bb border_style_all=\u00bbnone\u00bb open=\u00bboff\u00bb]<\/p>\n<p style=\"text-align: left;\">Te recomendamos usar \u00abTaxi Verde\u00bb que tiene un servicio de 24 horas. Est\u00e1 situado dentro del aeropuerto, justo saliendo de la puerta de llegadas, del lado izquierdo. Puedes pagar usando tarjeta de cr\u00e9dito o efectivo.\u00a0<\/p>\n<p>[\/et_pb_accordion_item][\/et_pb_accordion][\/et_pb_column][\/et_pb_row][et_pb_row _builder_version=\u00bb4.9.0&#8243; _module_preset=\u00bbdefault\u00bb][et_pb_column type=\u00bb4_4&#8243; _builder_version=\u00bb4.9.0&#8243; _module_preset=\u00bbdefault\u00bb][et_pb_text _builder_version=\u00bb4.9.0&#8243; _module_preset=\u00bbdefault\u00bb text_font=\u00bbMerriweather|700|||||||\u00bb text_text_color=\u00bb#04455b\u00bb text_font_size=\u00bb46px\u00bb header_text_color=\u00bb#04455b\u00bb header_2_font=\u00bb|700|||||||\u00bb header_2_text_color=\u00bb#FFFFFF\u00bb header_2_font_size=\u00bb40px\u00bb header_2_line_height=\u00bb1.3em\u00bb background_color=\u00bb#f1a743&#8243; text_orientation=\u00bbcenter\u00bb custom_margin=\u00bb50px|1px|0px||false|false\u00bb custom_padding=\u00bb20px||10px||false|false\u00bb animation_style=\u00bbslide\u00bb animation_direction=\u00bbbottom\u00bb animation_duration=\u00bb900ms\u00bb animation_delay=\u00bb800ms\u00bb animation_intensity_slide=\u00bb17%\u00bb]<\/p>\n<h2><span style=\"font-weight: 400;\">En el Evento<\/span><\/h2>\n<p>[\/et_pb_text][et_pb_accordion open_toggle_text_color=\u00bb#000000&#8243; open_toggle_background_color=\u00bb#fef7ec\u00bb closed_toggle_text_color=\u00bb#515151&#8243; closed_toggle_background_color=\u00bb#fef7ec\u00bb _builder_version=\u00bb4.9.0&#8243; _module_preset=\u00bbdefault\u00bb toggle_font=\u00bb|700|||||||\u00bb toggle_font_size=\u00bb18px\u00bb closed_toggle_font=\u00bb|700|||||||\u00bb closed_toggle_font_size=\u00bb18px\u00bb body_font_size=\u00bb16px\u00bb text_orientation=\u00bbleft\u00bb custom_margin=\u00bb||||false|false\u00bb animation_style=\u00bbslide\u00bb animation_direction=\u00bbbottom\u00bb animation_duration=\u00bb900ms\u00bb animation_delay=\u00bb900ms\u00bb animation_intensity_slide=\u00bb17%\u00bb][et_pb_accordion_item title=\u00bb\u00bfEl hospedaje est\u00e1 incluido?\u00bb open=\u00bbon\u00bb _builder_version=\u00bb4.9.0&#8243; _module_preset=\u00bbdefault\u00bb custom_margin=\u00bb||5px||false|false\u00bb border_width_all=\u00bb0px\u00bb border_style_all=\u00bbnone\u00bb]<\/p>\n<p>El hospedaje no est\u00e1 incluido en el pase a las conferencias y deber\u00e1 de ser agendado de manera separada. Revisa nuestra lista de hoteles sugeridos.\u00a0<\/p>\n<p>[\/et_pb_accordion_item][et_pb_accordion_item title=\u00bb\u00bfLas comidas est\u00e1n incluidas?\u00bb _builder_version=\u00bb4.9.0&#8243; _module_preset=\u00bbdefault\u00bb custom_margin=\u00bb||5px||false|false\u00bb border_width_all=\u00bb0px\u00bb border_style_all=\u00bbnone\u00bb open=\u00bboff\u00bb]<\/p>\n<p style=\"text-align: left;\">Los almuerzos y coffee breaks durante el evento est\u00e1n incluidos con el pase.\u00a0<\/p>\n<p>Contaremos tambi\u00e9n con un c\u00f3ctel de bienvenida la noche del 25, una parrillada la noche del 26 y una cena de cierre el 27.\u00a0<\/p>\n<p>Los desayunos NO est\u00e1n incluidos.\u00a0<\/p>\n<p>[\/et_pb_accordion_item][et_pb_accordion_item title=\u00bb\u00bfHabr\u00e1 opciones veganas\/vegetarianas?\u00bb _builder_version=\u00bb4.9.0&#8243; _module_preset=\u00bbdefault\u00bb custom_margin=\u00bb||5px||false|false\u00bb border_width_all=\u00bb0px\u00bb border_style_all=\u00bbnone\u00bb open=\u00bboff\u00bb]<\/p>\n<p>S\u00ed, por favor aseg\u00farate de mencionar tus restricciones alimenticias cuando compres tu pase a la conferencia y envi\u00e1ndonos un correo electr\u00f3nico a <a title=\"Correo a tc2023@sustainableharvest.com\" href=\"mailto:ltc2023@sustainableharvest.com\"><em><strong>ltc@sustainableharvest.com<\/strong><\/em><\/a> .<\/p>\n<p>[\/et_pb_accordion_item][et_pb_accordion_item title=\u00bb\u00bfTodos los eventos sociales y de networking est\u00e1n incluidos?\u00bb _builder_version=\u00bb4.9.0&#8243; _module_preset=\u00bbdefault\u00bb custom_margin=\u00bb||5px||false|false\u00bb border_width_all=\u00bb0px\u00bb border_style_all=\u00bbnone\u00bb open=\u00bboff\u00bb]<\/p>\n<p style=\"text-align: left;\">S\u00ed, todos los eventos sociales y de networking est\u00e1n inclu\u00eddos en el pase.<\/p>\n<p>[\/et_pb_accordion_item][\/et_pb_accordion][\/et_pb_column][\/et_pb_row][et_pb_row _builder_version=\u00bb4.9.0&#8243; _module_preset=\u00bbdefault\u00bb][et_pb_column type=\u00bb4_4&#8243; _builder_version=\u00bb4.9.0&#8243; _module_preset=\u00bbdefault\u00bb][et_pb_text _builder_version=\u00bb4.9.0&#8243; _module_preset=\u00bbdefault\u00bb text_font=\u00bbMerriweather|700|||||||\u00bb text_text_color=\u00bb#04455b\u00bb text_font_size=\u00bb46px\u00bb header_text_color=\u00bb#04455b\u00bb header_2_font=\u00bb|700|||||||\u00bb header_2_text_color=\u00bb#FFFFFF\u00bb header_2_font_size=\u00bb40px\u00bb header_2_line_height=\u00bb1.3em\u00bb background_color=\u00bb#228d38&#8243; text_orientation=\u00bbcenter\u00bb custom_margin=\u00bb50px|1px|0px||false|false\u00bb custom_padding=\u00bb20px||10px||false|false\u00bb animation_style=\u00bbslide\u00bb animation_direction=\u00bbbottom\u00bb animation_duration=\u00bb900ms\u00bb animation_delay=\u00bb800ms\u00bb animation_intensity_slide=\u00bb17%\u00bb]<\/p>\n<h2><span style=\"font-weight: 400;\">Salidas<\/span><\/h2>\n<p>[\/et_pb_text][et_pb_accordion open_toggle_text_color=\u00bb#000000&#8243; open_toggle_background_color=\u00bb#e9f5ea\u00bb closed_toggle_text_color=\u00bb#515151&#8243; closed_toggle_background_color=\u00bb#e9f5ea\u00bb _builder_version=\u00bb4.9.0&#8243; _module_preset=\u00bbdefault\u00bb toggle_font=\u00bb|700|||||||\u00bb toggle_font_size=\u00bb18px\u00bb closed_toggle_font=\u00bb|700|||||||\u00bb closed_toggle_font_size=\u00bb18px\u00bb body_font_size=\u00bb16px\u00bb text_orientation=\u00bbleft\u00bb custom_margin=\u00bb||||false|false\u00bb animation_style=\u00bbslide\u00bb animation_direction=\u00bbbottom\u00bb animation_duration=\u00bb900ms\u00bb animation_delay=\u00bb900ms\u00bb animation_intensity_slide=\u00bb17%\u00bb][et_pb_accordion_item title=\u00bb\u00bfCu\u00e1ndo deber\u00eda de planear mi vuelo de salida de Per\u00fa?\u00bb open=\u00bbon\u00bb _builder_version=\u00bb4.9.0&#8243; _module_preset=\u00bbdefault\u00bb custom_margin=\u00bb||5px||false|false\u00bb border_width_all=\u00bb0px\u00bb border_style_all=\u00bbnone\u00bb]<\/p>\n<p>Te recomendamos salir el domingo 28 de septiembre, ya que el evento termina el 27.\u00a0<\/p>\n<p>[\/et_pb_accordion_item][\/et_pb_accordion][\/et_pb_column][\/et_pb_row][et_pb_row _builder_version=\u00bb4.9.0&#8243; _module_preset=\u00bbdefault\u00bb custom_padding=\u00bb27px|||||\u00bb][et_pb_column type=\u00bb4_4&#8243; _builder_version=\u00bb4.9.0&#8243; _module_preset=\u00bbdefault\u00bb][et_pb_text _builder_version=\u00bb4.9.0&#8243; _module_preset=\u00bbdefault\u00bb text_font=\u00bbMerriweather|700|||||||\u00bb text_text_color=\u00bb#04455b\u00bb text_font_size=\u00bb18px\u00bb text_line_height=\u00bb1.8em\u00bb header_text_color=\u00bb#04455b\u00bb header_font_size=\u00bb60px\u00bb header_2_font=\u00bb|700|||||||\u00bb header_2_text_color=\u00bb#04455b\u00bb header_2_font_size=\u00bb40px\u00bb header_2_line_height=\u00bb1.3em\u00bb text_orientation=\u00bbcenter\u00bb custom_margin=\u00bb50px|1px|||false|false\u00bb custom_padding=\u00bb||||false|false\u00bb animation_style=\u00bbslide\u00bb animation_direction=\u00bbbottom\u00bb animation_duration=\u00bb900ms\u00bb animation_delay=\u00bb800ms\u00bb animation_intensity_slide=\u00bb17%\u00bb]<\/p>\n<p>Si tienes alguna otra pregunta, por favor env\u00edanos un correo electr\u00f3nico a <a href=\"mailto:ltc2023@sustainableharvest.com\">ltc2023@sustainableharvest.com<\/a> y estaremos felices de apoyarte.<\/p>\n<p>[\/et_pb_text][\/et_pb_column][\/et_pb_row][\/et_pb_section]<\/p>\n","protected":false},"excerpt":{"rendered":"<p>[et_pb_section fb_built=\u00bb1&#8243; admin_label=\u00bbSection\u00bb module_id=\u00bbhome\u00bb _builder_version=\u00bb4.9.0&#8243; _module_preset=\u00bbdefault\u00bb background_color=\u00bb#2a9337&#8243; background_enable_image=\u00bboff\u00bb background_position=\u00bbcenter_right\u00bb custom_margin=\u00bb0px||||false|false\u00bb custom_margin_tablet=\u00bb\u00bb custom_margin_phone=\u00bb\u00bb custom_margin_last_edited=\u00bbon|phone\u00bb custom_padding=\u00bb1px||0px||false|false\u00bb background_last_edited=\u00bbon|tablet\u00bb background_enable_image_tablet=\u00bboff\u00bb background_size_phone=\u00bbcover\u00bb background_position_tablet=\u00bbcenter_left\u00bb background_position_phone=\u00bbcenter\u00bb da_popup_slug=\u00bbhome\u00bb da_disable_devices=\u00bboff|off|off\u00bb da_is_popup=\u00bboff\u00bb da_exit_intent=\u00bboff\u00bb da_has_close=\u00bbon\u00bb da_alt_close=\u00bboff\u00bb da_dark_close=\u00bboff\u00bb da_not_modal=\u00bbon\u00bb da_is_singular=\u00bboff\u00bb da_with_loader=\u00bboff\u00bb da_has_shadow=\u00bbon\u00bb][\/et_pb_section][et_pb_section fb_built=\u00bb1&#8243; custom_padding_last_edited=\u00bbon|tablet\u00bb admin_label=\u00bbSection\u00bb module_id=\u00bbattendees-say\u00bb _builder_version=\u00bb4.9.0&#8243; _module_preset=\u00bbdefault\u00bb custom_padding=\u00bb97px||||false|false\u00bb custom_padding_tablet=\u00bb0px||||false|false\u00bb custom_padding_phone=\u00bb\u00bb da_popup_slug=\u00bbattendees-say\u00bb da_disable_devices=\u00bboff|off|off\u00bb da_is_popup=\u00bboff\u00bb da_exit_intent=\u00bboff\u00bb da_has_close=\u00bbon\u00bb da_alt_close=\u00bboff\u00bb da_dark_close=\u00bboff\u00bb da_not_modal=\u00bbon\u00bb da_is_singular=\u00bboff\u00bb da_with_loader=\u00bboff\u00bb da_has_shadow=\u00bbon\u00bb][et_pb_row _builder_version=\u00bb4.9.0&#8243; _module_preset=\u00bbdefault\u00bb max_width=\u00bb1920px\u00bb custom_padding=\u00bb110px||||false|false\u00bb][et_pb_column type=\u00bb4_4&#8243; [&hellip;]<\/p>\n","protected":false},"author":1,"featured_media":0,"parent":0,"menu_order":0,"comment_status":"closed","ping_status":"closed","template":"","meta":{"_et_pb_use_builder":"on","_et_pb_old_content":"","_et_gb_content_width":"","footnotes":""},"class_list":["post-9081","page","type-page","status-publish","hentry"],"_links":{"self":[{"href":"https:\/\/www.letstalkcoffee.org\/es\/wp-json\/wp\/v2\/pages\/9081","targetHints":{"allow":["GET"]}}],"collection":[{"href":"https:\/\/www.letstalkcoffee.org\/es\/wp-json\/wp\/v2\/pages"}],"about":[{"href":"https:\/\/www.letstalkcoffee.org\/es\/wp-json\/wp\/v2\/types\/page"}],"author":[{"embeddable":true,"href":"https:\/\/www.letstalkcoffee.org\/es\/wp-json\/wp\/v2\/users\/1"}],"replies":[{"embeddable":true,"href":"https:\/\/www.letstalkcoffee.org\/es\/wp-json\/wp\/v2\/comments?post=9081"}],"version-history":[{"count":8,"href":"https:\/\/www.letstalkcoffee.org\/es\/wp-json\/wp\/v2\/pages\/9081\/revisions"}],"predecessor-version":[{"id":10486,"href":"https:\/\/www.letstalkcoffee.org\/es\/wp-json\/wp\/v2\/pages\/9081\/revisions\/10486"}],"wp:attachment":[{"href":"https:\/\/www.letstalkcoffee.org\/es\/wp-json\/wp\/v2\/media?parent=9081"}],"curies":[{"name":"wp","href":"https:\/\/api.w.org\/{rel}","templated":true}]}}